{"id":366,"date":"2021-07-07T06:20:56","date_gmt":"2021-07-07T06:20:56","guid":{"rendered":"http:\/\/ce-ce.com\/?page_id=366"},"modified":"2021-07-08T06:01:10","modified_gmt":"2021-07-08T06:01:10","slug":"ik","status":"publish","type":"page","link":"http:\/\/ce-ce.com\/?page_id=366","title":{"rendered":"IK"},"content":{"rendered":"\t\t<div data-elementor-type=\"wp-page\" data-elementor-id=\"366\" class=\"elementor elementor-366\" data-elementor-settings=\"[]\">\n\t\t\t\t\t\t\t<div class=\"elementor-section-wrap\">\n\t\t\t\t\t\t\t<section class=\"elementor-section elementor-top-section elementor-element elementor-element-bb0de0a elementor-section-boxed elementor-section-height-default elementor-section-height-default\" data-id=\"bb0de0a\" data-element_type=\"section\">\n\t\t\t\t\t\t<div class=\"elementor-container elementor-column-gap-default\">\n\t\t\t\t\t\t\t\t<\/div>\n\t\t<\/section>\n\t\t\t\t<section class=\"elementor-section elementor-top-section elementor-element elementor-element-bd78816 elementor-section-boxed elementor-section-height-default elementor-section-height-default\" data-id=\"bd78816\" data-element_type=\"section\">\n\t\t\t\t\t\t<div class=\"elementor-container elementor-column-gap-default\">\n\t\t\t\t\t<div class=\"elementor-column elementor-col-33 elementor-top-column elementor-element elementor-element-c236d87\" data-id=\"c236d87\" data-element_type=\"column\">\n\t\t\t<div class=\"elementor-widget-wrap elementor-element-populated\">\n\t\t\t\t\t\t\t\t<div class=\"elementor-element elementor-element-65e37b2 elementor-widget elementor-widget-image\" data-id=\"65e37b2\" data-element_type=\"widget\" data-widget_type=\"image.default\">\n\t\t\t\t<div class=\"elementor-widget-container\">\n\t\t\t\t\t\t\t\t\t\t\t\t\t\t\t<img width=\"2560\" height=\"1707\" src=\"http:\/\/ce-ce.com\/wp-content\/uploads\/2021\/07\/2254-1-scaled.jpg\" class=\"attachment-full size-full\" alt=\"\" loading=\"lazy\" srcset=\"http:\/\/ce-ce.com\/wp-content\/uploads\/2021\/07\/2254-1-scaled.jpg 2560w, http:\/\/ce-ce.com\/wp-content\/uploads\/2021\/07\/2254-1-300x200.jpg 300w, http:\/\/ce-ce.com\/wp-content\/uploads\/2021\/07\/2254-1-1024x683.jpg 1024w, http:\/\/ce-ce.com\/wp-content\/uploads\/2021\/07\/2254-1-768x512.jpg 768w, http:\/\/ce-ce.com\/wp-content\/uploads\/2021\/07\/2254-1-1536x1024.jpg 1536w, http:\/\/ce-ce.com\/wp-content\/uploads\/2021\/07\/2254-1-2048x1365.jpg 2048w\" sizes=\"(max-width: 2560px) 100vw, 2560px\" \/>\t\t\t\t\t\t\t\t\t\t\t\t\t\t\t<\/div>\n\t\t\t\t<\/div>\n\t\t\t\t\t<\/div>\n\t\t<\/div>\n\t\t\t\t<div class=\"elementor-column elementor-col-66 elementor-top-column elementor-element elementor-element-821a15f\" data-id=\"821a15f\" data-element_type=\"column\">\n\t\t\t<div class=\"elementor-widget-wrap elementor-element-populated\">\n\t\t\t\t\t\t\t\t<div class=\"elementor-element elementor-element-6f116d3 elementor-widget elementor-widget-premium-contact-form\" data-id=\"6f116d3\" data-element_type=\"widget\" data-widget_type=\"premium-contact-form.default\">\n\t\t\t\t<div class=\"elementor-widget-container\">\n\t\t\t\r\n\t\t\t<div class=\"premium-cf7-container\">\r\n\t\t\t\t<div role=\"form\" class=\"wpcf7\" id=\"wpcf7-f372-o1\" lang=\"tr-TR\" dir=\"ltr\">\n<div class=\"screen-reader-response\"><p role=\"status\" aria-live=\"polite\" aria-atomic=\"true\"><\/p> <ul><\/ul><\/div>\n<form action=\"\/index.php?rest_route=%2Fwp%2Fv2%2Fpages%2F366#wpcf7-f372-o1\" method=\"post\" class=\"wpcf7-form init\" enctype=\"multipart\/form-data\" novalidate=\"novalidate\" data-status=\"init\">\n<div style=\"display: none;\">\n<input type=\"hidden\" name=\"_wpcf7\" value=\"372\" \/>\n<input type=\"hidden\" name=\"_wpcf7_version\" value=\"5.4.1\" \/>\n<input type=\"hidden\" name=\"_wpcf7_locale\" value=\"tr_TR\" \/>\n<input type=\"hidden\" name=\"_wpcf7_unit_tag\" value=\"wpcf7-f372-o1\" \/>\n<input type=\"hidden\" name=\"_wpcf7_container_post\" value=\"0\" \/>\n<input type=\"hidden\" name=\"_wpcf7_posted_data_hash\" value=\"\" \/>\n<\/div>\n<p><label> Ad\u0131n\u0131z Soyad\u0131n\u0131z<br \/>\n    <span class=\"wpcf7-form-control-wrap your-name\"><input type=\"text\" name=\"your-name\" value=\"\" size=\"40\" class=\"wpcf7-form-control wpcf7-text wpcf7-validates-as-required\" aria-required=\"true\" aria-invalid=\"false\" \/><\/span> <\/label><br \/>\n <label> E-posta adresiniz<br \/>\n      <span class=\"wpcf7-form-control-wrap your-email\"><input type=\"email\" name=\"your-email\" value=\"\" size=\"40\" class=\"wpcf7-form-control wpcf7-text wpcf7-email wpcf7-validates-as-required wpcf7-validates-as-email\" aria-required=\"true\" aria-invalid=\"false\" \/><\/span> <\/label><\/p>\n<p><label> CV Bilgisi<br \/>\n<span class=\"wpcf7-form-control-wrap file-723\"><input type=\"file\" name=\"file-723\" size=\"40\" class=\"wpcf7-form-control wpcf7-file\" accept=\".doc,.docx,.xls,.xlsx,.pdf\" aria-invalid=\"false\" \/><\/span><\/label><\/p>\n<p><label> Telefon Numaras\u0131<br \/>\n<span class=\"wpcf7-form-control-wrap tel-922\"><input type=\"tel\" name=\"tel-922\" value=\"\" size=\"40\" class=\"wpcf7-form-control wpcf7-text wpcf7-tel wpcf7-validates-as-required wpcf7-validates-as-tel\" aria-required=\"true\" aria-invalid=\"false\" \/><\/span><\/label><\/p>\n<p><label> Konu<br \/>\n    <span class=\"wpcf7-form-control-wrap your-subject\"><input type=\"text\" name=\"your-subject\" value=\"\" size=\"40\" class=\"wpcf7-form-control wpcf7-text wpcf7-validates-as-required\" aria-required=\"true\" aria-invalid=\"false\" \/><\/span> <\/label><\/p>\n<p><label> \u0130letiniz (tercihe ba\u011fl\u0131)<br \/>\n    <span class=\"wpcf7-form-control-wrap your-message\"><textarea name=\"your-message\" cols=\"40\" rows=\"10\" class=\"wpcf7-form-control wpcf7-textarea\" aria-invalid=\"false\"><\/textarea><\/span> <\/label><\/p>\n<p><span class=\"wpcf7-form-control-wrap checkbox-148\"><span class=\"wpcf7-form-control wpcf7-checkbox wpcf7-validates-as-required\"><span class=\"wpcf7-list-item first last\"><label><input type=\"checkbox\" name=\"checkbox-148[]\" value=\"7 Nisan 2016 tarihli Resmi Gazete\u2019de yay\u0131mlanan 6698 say\u0131l\u0131 Ki\u015fisel Verilerin Korunmas\u0131 Kanunu kapsam\u0131nda iletmi\u015f oldu\u011funuz ki\u015fisel bilgileriniz, \u015eirketimizin b\u00fcnyesinde ba\u015fvurdu\u011funuz ilgili pozisyona ve ba\u015fvurunuzla ba\u011flant\u0131l\u0131 istihdam olanaklar\u0131n\u0131n de\u011ferlendirilmesi amac\u0131yla veri sorumlusu s\u0131fat\u0131yla Cece Triko Tekstil San. LTD. \u015eT\u0130. taraf\u0131ndan i\u015flenecektir. Veri sahibi olarak ilgili ki\u015fi haklar\u0131n\u0131z, Kanun\u2019un 11. Maddesinde belirtilmi\u015ftir. \u00d6zge\u00e7mi\u015finizin ve mesaj\u0131n\u0131z\u0131n veri taban\u0131m\u0131zda yer almas\u0131n\u0131 istemedi\u011finiz taktirde ce-ce@ce-ce.com adresi ile ileti\u015fime ge\u00e7menizi rica ederiz.\" \/><span class=\"wpcf7-list-item-label\">7 Nisan 2016 tarihli Resmi Gazete\u2019de yay\u0131mlanan 6698 say\u0131l\u0131 Ki\u015fisel Verilerin Korunmas\u0131 Kanunu kapsam\u0131nda iletmi\u015f oldu\u011funuz ki\u015fisel bilgileriniz, \u015eirketimizin b\u00fcnyesinde ba\u015fvurdu\u011funuz ilgili pozisyona ve ba\u015fvurunuzla ba\u011flant\u0131l\u0131 istihdam olanaklar\u0131n\u0131n de\u011ferlendirilmesi amac\u0131yla veri sorumlusu s\u0131fat\u0131yla Cece Triko Tekstil San. LTD. \u015eT\u0130. taraf\u0131ndan i\u015flenecektir. Veri sahibi olarak ilgili ki\u015fi haklar\u0131n\u0131z, Kanun\u2019un 11. Maddesinde belirtilmi\u015ftir. \u00d6zge\u00e7mi\u015finizin ve mesaj\u0131n\u0131z\u0131n veri taban\u0131m\u0131zda yer almas\u0131n\u0131 istemedi\u011finiz taktirde ce-ce@ce-ce.com adresi ile ileti\u015fime ge\u00e7menizi rica ederiz.<\/span><\/label><\/span><\/span><\/span><\/p>\n<p><input type=\"submit\" value=\"G\u00f6nder\" class=\"wpcf7-form-control wpcf7-submit\" \/><\/p>\n<div class=\"wpcf7-response-output\" aria-hidden=\"true\"><\/div><\/form><\/div>\t\t\t<\/div>\r\n\r\n\t\t\t\t\t<\/div>\n\t\t\t\t<\/div>\n\t\t\t\t\t<\/div>\n\t\t<\/div>\n\t\t\t\t\t\t\t<\/div>\n\t\t<\/section>\n\t\t\t\t\t\t<\/div>\n\t\t\t\t\t<\/div>\n\t\t","protected":false},"excerpt":{"rendered":"<p>Ad\u0131n\u0131z Soyad\u0131n\u0131z E-posta adresiniz CV Bilgisi Konu \u0130letiniz (tercihe ba\u011fl\u0131)<\/p>\n","protected":false},"author":1,"featured_media":0,"parent":0,"menu_order":0,"comment_status":"closed","ping_status":"closed","template":"","meta":[],"language":[],"yoast_head":"<!-- This site is optimized with the Yoast SEO plugin v16.6.1 - https:\/\/yoast.com\/wordpress\/plugins\/seo\/ -->\r\n<title>IK - CE-CE TR\u0130KO<\/title>\r\n<meta name=\"robots\" content=\"index, follow, max-snippet:-1, max-image-preview:large, max-video-preview:-1\" \/>\r\n<link rel=\"canonical\" href=\"http:\/\/ce-ce.com\/?page_id=366\" \/>\r\n<meta property=\"og:locale\" content=\"tr_TR\" \/>\r\n<meta property=\"og:type\" content=\"article\" \/>\r\n<meta property=\"og:title\" content=\"IK - CE-CE TR\u0130KO\" \/>\r\n<meta property=\"og:description\" content=\"Ad\u0131n\u0131z Soyad\u0131n\u0131z E-posta adresiniz CV Bilgisi Konu \u0130letiniz (tercihe ba\u011fl\u0131)\" \/>\r\n<meta property=\"og:url\" content=\"http:\/\/ce-ce.com\/?page_id=366\" \/>\r\n<meta property=\"og:site_name\" content=\"CE-CE TR\u0130KO\" \/>\r\n<meta property=\"article:modified_time\" content=\"2021-07-08T06:01:10+00:00\" \/>\r\n<meta property=\"og:image\" content=\"http:\/\/ce-ce.com\/wp-content\/uploads\/2021\/07\/2254-1-scaled.jpg\" \/>\r\n<meta name=\"twitter:card\" content=\"summary_large_image\" \/>\r\n<meta name=\"twitter:label1\" content=\"Tahmini okuma s\u00fcresi\" \/>\n\t<meta name=\"twitter:data1\" content=\"1 dakika\" \/>\r\n<script type=\"application\/ld+json\" class=\"yoast-schema-graph\">{\"@context\":\"https:\/\/schema.org\",\"@graph\":[{\"@type\":\"Organization\",\"@id\":\"http:\/\/ce-ce.com\/#organization\",\"name\":\"CECE TR\\u0130KO\",\"url\":\"http:\/\/ce-ce.com\/\",\"sameAs\":[],\"logo\":{\"@type\":\"ImageObject\",\"@id\":\"http:\/\/ce-ce.com\/#logo\",\"inLanguage\":\"tr\",\"url\":\"http:\/\/ce-ce.com\/wp-content\/uploads\/2021\/06\/cecelogo.png\",\"contentUrl\":\"http:\/\/ce-ce.com\/wp-content\/uploads\/2021\/06\/cecelogo.png\",\"width\":96,\"height\":53,\"caption\":\"CECE TR\\u0130KO\"},\"image\":{\"@id\":\"http:\/\/ce-ce.com\/#logo\"}},{\"@type\":\"WebSite\",\"@id\":\"http:\/\/ce-ce.com\/#website\",\"url\":\"http:\/\/ce-ce.com\/\",\"name\":\"CE-CE TR\\u0130KO\",\"description\":\"Kazak,H\\u0131rka ve Triko \\u00dcretimi\",\"publisher\":{\"@id\":\"http:\/\/ce-ce.com\/#organization\"},\"potentialAction\":[{\"@type\":\"SearchAction\",\"target\":{\"@type\":\"EntryPoint\",\"urlTemplate\":\"http:\/\/ce-ce.com\/?s={search_term_string}\"},\"query-input\":\"required name=search_term_string\"}],\"inLanguage\":\"tr\"},{\"@type\":\"ImageObject\",\"@id\":\"http:\/\/ce-ce.com\/?page_id=366#primaryimage\",\"inLanguage\":\"tr\",\"url\":\"http:\/\/ce-ce.com\/wp-content\/uploads\/2021\/07\/2254-1-scaled.jpg\",\"contentUrl\":\"http:\/\/ce-ce.com\/wp-content\/uploads\/2021\/07\/2254-1-scaled.jpg\",\"width\":2560,\"height\":1707,\"caption\":\"Cropped view of person holding pen and filling out application form on table\"},{\"@type\":\"WebPage\",\"@id\":\"http:\/\/ce-ce.com\/?page_id=366#webpage\",\"url\":\"http:\/\/ce-ce.com\/?page_id=366\",\"name\":\"IK - CE-CE TR\\u0130KO\",\"isPartOf\":{\"@id\":\"http:\/\/ce-ce.com\/#website\"},\"primaryImageOfPage\":{\"@id\":\"http:\/\/ce-ce.com\/?page_id=366#primaryimage\"},\"datePublished\":\"2021-07-07T06:20:56+00:00\",\"dateModified\":\"2021-07-08T06:01:10+00:00\",\"breadcrumb\":{\"@id\":\"http:\/\/ce-ce.com\/?page_id=366#breadcrumb\"},\"inLanguage\":\"tr\",\"potentialAction\":[{\"@type\":\"ReadAction\",\"target\":[\"http:\/\/ce-ce.com\/?page_id=366\"]}]},{\"@type\":\"BreadcrumbList\",\"@id\":\"http:\/\/ce-ce.com\/?page_id=366#breadcrumb\",\"itemListElement\":[{\"@type\":\"ListItem\",\"position\":1,\"name\":\"Home\",\"item\":\"http:\/\/ce-ce.com\/\"},{\"@type\":\"ListItem\",\"position\":2,\"name\":\"IK\"}]}]}<\/script>\r\n<!-- \/ Yoast SEO plugin. -->","_links":{"self":[{"href":"http:\/\/ce-ce.com\/index.php?rest_route=\/wp\/v2\/pages\/366"}],"collection":[{"href":"http:\/\/ce-ce.com\/index.php?rest_route=\/wp\/v2\/pages"}],"about":[{"href":"http:\/\/ce-ce.com\/index.php?rest_route=\/wp\/v2\/types\/page"}],"author":[{"embeddable":true,"href":"http:\/\/ce-ce.com\/index.php?rest_route=\/wp\/v2\/users\/1"}],"replies":[{"embeddable":true,"href":"http:\/\/ce-ce.com\/index.php?rest_route=%2Fwp%2Fv2%2Fcomments&post=366"}],"version-history":[{"count":7,"href":"http:\/\/ce-ce.com\/index.php?rest_route=\/wp\/v2\/pages\/366\/revisions"}],"predecessor-version":[{"id":387,"href":"http:\/\/ce-ce.com\/index.php?rest_route=\/wp\/v2\/pages\/366\/revisions\/387"}],"wp:attachment":[{"href":"http:\/\/ce-ce.com\/index.php?rest_route=%2Fwp%2Fv2%2Fmedia&parent=366"}],"wp:term":[{"taxonomy":"language","embeddable":true,"href":"http:\/\/ce-ce.com\/index.php?rest_route=%2Fwp%2Fv2%2Flanguage&post=366"}],"curies":[{"name":"wp","href":"https:\/\/api.w.org\/{rel}","templated":true}]}}