{"id":245,"date":"2021-07-06T06:49:30","date_gmt":"2021-07-06T06:49:30","guid":{"rendered":"http:\/\/ce-ce.com\/?page_id=245"},"modified":"2021-07-06T11:35:28","modified_gmt":"2021-07-06T11:35:28","slug":"surdurulebilirlik","status":"publish","type":"page","link":"http:\/\/ce-ce.com\/?page_id=245","title":{"rendered":"S\u00fcrd\u00fcr\u00fclebilirlik"},"content":{"rendered":"\t\t<div data-elementor-type=\"wp-page\" data-elementor-id=\"245\" class=\"elementor elementor-245\" data-elementor-settings=\"[]\">\n\t\t\t\t\t\t\t<div class=\"elementor-section-wrap\">\n\t\t\t\t\t\t\t<section class=\"elementor-section elementor-top-section elementor-element elementor-element-43f9cad elementor-section-boxed elementor-section-height-default elementor-section-height-default\" data-id=\"43f9cad\" data-element_type=\"section\">\n\t\t\t\t\t\t<div class=\"elementor-container elementor-column-gap-default\">\n\t\t\t\t\t<div class=\"elementor-column elementor-col-100 elementor-top-column elementor-element elementor-element-0ce16b7\" data-id=\"0ce16b7\" data-element_type=\"column\">\n\t\t\t<div class=\"elementor-widget-wrap elementor-element-populated\">\n\t\t\t\t\t\t\t\t<div class=\"elementor-element elementor-element-34b00af elementor-widget elementor-widget-heading\" data-id=\"34b00af\" data-element_type=\"widget\" data-widget_type=\"heading.default\">\n\t\t\t\t<div class=\"elementor-widget-container\">\n\t\t\t<h2 class=\"elementor-heading-title elementor-size-default\"><div class=\"kc-elm kc-css-778030 kc-title-wrap \" style=\"float: left; width: 775.75px; color: rgb(51, 51, 51); font-family: Taviraj, serif; font-size: 16px; white-space: normal;\"><p class=\"kc_title\" style=\"margin-right: 0px; margin-bottom: 20px; margin-left: 0px; font-size: 20px; color: rgb(153, 153, 153); font-family: Montserrat, sans-serif; position: relative;\"><b>\u0130nsandan, do\u011faya...<\/b><\/p><\/div><div class=\"kc-elm kc-css-714187 kc_text_block\" style=\"display: inline-block; float: left; width: 775.75px; clear: both; color: rgb(51, 51, 51); font-family: Taviraj, serif; font-size: 16px; font-weight: 300; white-space: normal;\"><p style=\"margin-right: 0px; margin-bottom: 10px; margin-left: 0px;\">\u00dcretimi y\u00fckseltmenin temel de\u011ferleri yenilik ve de\u011fi\u015fimdir. \"Mutlu personel\" dinami\u011fini, \u0130nsan kayna\u011f\u0131n\u0131n merkezinde konumland\u0131ran CECE Triko Tekstil, yenilik\u00e7i metotlar\u0131 uygulayarak \u00fcretimde s\u00fcrd\u00fcr\u00fclebilirli\u011fe ula\u015fm\u0131\u015ft\u0131r.<\/p><p style=\"margin-right: 0px; margin-bottom: 10px; margin-left: 0px;\">Kaynaklar\u0131n\u0131 \u00e7o\u011faltma hedefinde kararl\u0131 olan y\u00f6netim kadromuz, y\u00fcksek verimlilikteki ba\u015far\u0131s\u0131na, planlama y\u00f6netimiyle ula\u015fm\u0131\u015ft\u0131r. Kaynak y\u00f6netimindeki motivasyon noktam\u0131z \"eksiltme, artt\u0131r \" ilkesidir. \u0130nsandan, do\u011faya t\u00fcm kaynaklara de\u011fer katmak i\u00e7in \u00e7al\u0131\u015fan CECE Triko Tekstil, s\u00fcrd\u00fcr\u00fclebilir \u00fcretim metodunu, kolektif tak\u0131m modeli ile birle\u015ftirerek fayda \u00fcretmeye devam etmektedir.<\/p><\/div><\/h2>\t\t<\/div>\n\t\t\t\t<\/div>\n\t\t\t\t\t<\/div>\n\t\t<\/div>\n\t\t\t\t\t\t\t<\/div>\n\t\t<\/section>\n\t\t\t\t\t\t<\/div>\n\t\t\t\t\t<\/div>\n\t\t","protected":false},"excerpt":{"rendered":"<p>\u0130nsandan, do\u011faya&#8230; \u00dcretimi y\u00fckseltmenin temel de\u011ferleri yenilik ve de\u011fi\u015fimdir. &#8220;Mutlu personel&#8221; dinami\u011fini, \u0130nsan kayna\u011f\u0131n\u0131n merkezinde konumland\u0131ran CECE Triko Tekstil, yenilik\u00e7i metotlar\u0131 uygulayarak \u00fcretimde s\u00fcrd\u00fcr\u00fclebilirli\u011fe ula\u015fm\u0131\u015ft\u0131r. Kaynaklar\u0131n\u0131 \u00e7o\u011faltma hedefinde kararl\u0131 olan &#8230;<\/p>\n","protected":false},"author":1,"featured_media":0,"parent":0,"menu_order":0,"comment_status":"closed","ping_status":"closed","template":"","meta":[],"language":[],"yoast_head":"<!-- This site is optimized with the Yoast SEO plugin v16.6.1 - https:\/\/yoast.com\/wordpress\/plugins\/seo\/ -->\r\n<title>S\u00fcrd\u00fcr\u00fclebilirlik - CE-CE TR\u0130KO<\/title>\r\n<meta name=\"robots\" content=\"index, follow, max-snippet:-1, max-image-preview:large, max-video-preview:-1\" \/>\r\n<link rel=\"canonical\" href=\"http:\/\/ce-ce.com\/?page_id=245\" \/>\r\n<meta property=\"og:locale\" content=\"tr_TR\" \/>\r\n<meta property=\"og:type\" content=\"article\" \/>\r\n<meta property=\"og:title\" content=\"S\u00fcrd\u00fcr\u00fclebilirlik - CE-CE TR\u0130KO\" \/>\r\n<meta property=\"og:description\" content=\"\u0130nsandan, do\u011faya&#8230; \u00dcretimi y\u00fckseltmenin temel de\u011ferleri yenilik ve de\u011fi\u015fimdir. &#8220;Mutlu personel&#8221; dinami\u011fini, \u0130nsan kayna\u011f\u0131n\u0131n merkezinde konumland\u0131ran CECE Triko Tekstil, yenilik\u00e7i metotlar\u0131 uygulayarak \u00fcretimde s\u00fcrd\u00fcr\u00fclebilirli\u011fe ula\u015fm\u0131\u015ft\u0131r. Kaynaklar\u0131n\u0131 \u00e7o\u011faltma hedefinde kararl\u0131 olan ...\" \/>\r\n<meta property=\"og:url\" content=\"http:\/\/ce-ce.com\/?page_id=245\" \/>\r\n<meta property=\"og:site_name\" content=\"CE-CE TR\u0130KO\" \/>\r\n<meta property=\"article:modified_time\" content=\"2021-07-06T11:35:28+00:00\" \/>\r\n<meta name=\"twitter:card\" content=\"summary_large_image\" \/>\r\n<meta name=\"twitter:label1\" content=\"Tahmini okuma s\u00fcresi\" \/>\n\t<meta name=\"twitter:data1\" content=\"1 dakika\" \/>\r\n<script type=\"application\/ld+json\" class=\"yoast-schema-graph\">{\"@context\":\"https:\/\/schema.org\",\"@graph\":[{\"@type\":\"Organization\",\"@id\":\"http:\/\/ce-ce.com\/#organization\",\"name\":\"CECE TR\\u0130KO\",\"url\":\"http:\/\/ce-ce.com\/\",\"sameAs\":[],\"logo\":{\"@type\":\"ImageObject\",\"@id\":\"http:\/\/ce-ce.com\/#logo\",\"inLanguage\":\"tr\",\"url\":\"http:\/\/ce-ce.com\/wp-content\/uploads\/2021\/06\/cecelogo.png\",\"contentUrl\":\"http:\/\/ce-ce.com\/wp-content\/uploads\/2021\/06\/cecelogo.png\",\"width\":96,\"height\":53,\"caption\":\"CECE TR\\u0130KO\"},\"image\":{\"@id\":\"http:\/\/ce-ce.com\/#logo\"}},{\"@type\":\"WebSite\",\"@id\":\"http:\/\/ce-ce.com\/#website\",\"url\":\"http:\/\/ce-ce.com\/\",\"name\":\"CE-CE TR\\u0130KO\",\"description\":\"Kazak,H\\u0131rka ve Triko \\u00dcretimi\",\"publisher\":{\"@id\":\"http:\/\/ce-ce.com\/#organization\"},\"potentialAction\":[{\"@type\":\"SearchAction\",\"target\":{\"@type\":\"EntryPoint\",\"urlTemplate\":\"http:\/\/ce-ce.com\/?s={search_term_string}\"},\"query-input\":\"required name=search_term_string\"}],\"inLanguage\":\"tr\"},{\"@type\":\"WebPage\",\"@id\":\"http:\/\/ce-ce.com\/?page_id=245#webpage\",\"url\":\"http:\/\/ce-ce.com\/?page_id=245\",\"name\":\"S\\u00fcrd\\u00fcr\\u00fclebilirlik - CE-CE TR\\u0130KO\",\"isPartOf\":{\"@id\":\"http:\/\/ce-ce.com\/#website\"},\"datePublished\":\"2021-07-06T06:49:30+00:00\",\"dateModified\":\"2021-07-06T11:35:28+00:00\",\"breadcrumb\":{\"@id\":\"http:\/\/ce-ce.com\/?page_id=245#breadcrumb\"},\"inLanguage\":\"tr\",\"potentialAction\":[{\"@type\":\"ReadAction\",\"target\":[\"http:\/\/ce-ce.com\/?page_id=245\"]}]},{\"@type\":\"BreadcrumbList\",\"@id\":\"http:\/\/ce-ce.com\/?page_id=245#breadcrumb\",\"itemListElement\":[{\"@type\":\"ListItem\",\"position\":1,\"name\":\"Home\",\"item\":\"http:\/\/ce-ce.com\/\"},{\"@type\":\"ListItem\",\"position\":2,\"name\":\"S\\u00fcrd\\u00fcr\\u00fclebilirlik\"}]}]}<\/script>\r\n<!-- \/ Yoast SEO plugin. -->","_links":{"self":[{"href":"http:\/\/ce-ce.com\/index.php?rest_route=\/wp\/v2\/pages\/245"}],"collection":[{"href":"http:\/\/ce-ce.com\/index.php?rest_route=\/wp\/v2\/pages"}],"about":[{"href":"http:\/\/ce-ce.com\/index.php?rest_route=\/wp\/v2\/types\/page"}],"author":[{"embeddable":true,"href":"http:\/\/ce-ce.com\/index.php?rest_route=\/wp\/v2\/users\/1"}],"replies":[{"embeddable":true,"href":"http:\/\/ce-ce.com\/index.php?rest_route=%2Fwp%2Fv2%2Fcomments&post=245"}],"version-history":[{"count":7,"href":"http:\/\/ce-ce.com\/index.php?rest_route=\/wp\/v2\/pages\/245\/revisions"}],"predecessor-version":[{"id":324,"href":"http:\/\/ce-ce.com\/index.php?rest_route=\/wp\/v2\/pages\/245\/revisions\/324"}],"wp:attachment":[{"href":"http:\/\/ce-ce.com\/index.php?rest_route=%2Fwp%2Fv2%2Fmedia&parent=245"}],"wp:term":[{"taxonomy":"language","embeddable":true,"href":"http:\/\/ce-ce.com\/index.php?rest_route=%2Fwp%2Fv2%2Flanguage&post=245"}],"curies":[{"name":"wp","href":"https:\/\/api.w.org\/{rel}","templated":true}]}}