{"id":242,"date":"2021-07-06T06:49:29","date_gmt":"2021-07-06T06:49:29","guid":{"rendered":"http:\/\/ce-ce.com\/?page_id=242"},"modified":"2021-07-08T15:46:51","modified_gmt":"2021-07-08T15:46:51","slug":"cevre-is-sagligi-ve-guvenligi-politikasi","status":"publish","type":"page","link":"http:\/\/ce-ce.com\/?page_id=242","title":{"rendered":"\u00c7evre-\u0130\u015f Sa\u011fl\u0131\u011f\u0131 ve G\u00fcvenli\u011fi Politikas\u0131"},"content":{"rendered":"\t\t<div data-elementor-type=\"wp-page\" data-elementor-id=\"242\" class=\"elementor elementor-242\" data-elementor-settings=\"[]\">\n\t\t\t\t\t\t\t<div class=\"elementor-section-wrap\">\n\t\t\t\t\t\t\t<section class=\"elementor-section elementor-top-section elementor-element elementor-element-50f7b25 elementor-section-boxed elementor-section-height-default elementor-section-height-default\" data-id=\"50f7b25\" data-element_type=\"section\">\n\t\t\t\t\t\t<div class=\"elementor-container elementor-column-gap-default\">\n\t\t\t\t\t<div class=\"elementor-column elementor-col-100 elementor-top-column elementor-element elementor-element-d585b4e\" data-id=\"d585b4e\" data-element_type=\"column\">\n\t\t\t<div class=\"elementor-widget-wrap elementor-element-populated\">\n\t\t\t\t\t\t\t\t<div class=\"elementor-element elementor-element-777eb1e elementor-widget elementor-widget-heading\" data-id=\"777eb1e\" data-element_type=\"widget\" data-widget_type=\"heading.default\">\n\t\t\t\t<div class=\"elementor-widget-container\">\n\t\t\t<h2 class=\"elementor-heading-title elementor-size-default\"><div style=\"float: left; width: 775.75px; color: rgb(51, 51, 51); font-family: Taviraj, serif; font-size: 16px; white-space: normal;\"><p style=\"margin-right: 0px; margin-bottom: 20px; margin-left: 0px; font-size: 20px; color: rgb(153, 153, 153); font-family: Montserrat, sans-serif; position: relative;\"><b>\"Haz\u0131r giyim sekt\u00f6r\u00fcnde d\u00fcnya markalar\u0131n\u0131n stratejik \u00fcretim orta\u011f\u0131\" olma vizyonuna sahip ve sosyal sorumluluklar\u0131n\u0131n fark\u0131nda olan \u015firketimiz;<\/b><\/p><\/div><div style=\"display: inline-block; float: left; width: 775.75px; clear: both; color: rgb(51, 51, 51); font-family: Taviraj, serif; font-size: 16px; font-weight: 300; white-space: normal;\"><ul style=\"margin-top: 0px; margin-bottom: 15px;\"><li>\u00c7evre ve \u0130\u015f Sa\u011fl\u0131\u011f\u0131 \u2013 \u0130\u015f G\u00fcvenli\u011fi ile ilgili ulusal mevzuat\u0131 ve m\u00fc\u015fterilerimizin konuyla ilgili i\u015f ortakl\u0131\u011f\u0131 kurallar\u0131n\u0131 s\u00fcrekli olarak izlemeyi ve uygun \u015fekilde faaliyet g\u00f6stermeyi,<\/li><li>\u00c7evre kirlenmesini \u00f6nlemeyi ve kirlili\u011fi kayna\u011f\u0131nda azaltmay\u0131,<\/li><li>\u0130\u015f Sa\u011fl\u0131\u011f\u0131 \u2013 \u0130\u015f G\u00fcvenli\u011fi ve \u00c7evre risklerini \u00f6ng\u00f6rerek kontrol alt\u0131na almay\u0131,<\/li><li>\u0130\u015f kazas\u0131, yaralanma ve meslek hastal\u0131klar\u0131n\u0131 \u00f6nlemeyi,<\/li><li>T\u00fcm \u00e7al\u0131\u015fanlar\u0131n\u0131n konuyla ilgili bireysel sorumluluklar\u0131n\u0131n fark\u0131nda olmalar\u0131n\u0131 sa\u011flamak amac\u0131yla e\u011fitim programlar\u0131 d\u00fczenlemeyi,<\/li><li>\u00c7evre ve \u0130\u015f Sa\u011fl\u0131\u011f\u0131 \u2013 \u0130\u015f G\u00fcvenli\u011fi faaliyetlerini uluslararas\u0131 kabul g\u00f6rm\u00fc\u015f y\u00f6netim sistemi standartlar\u0131na uygun olarak y\u00fcr\u00fctmeyi ve periyodik olarak g\u00f6zden ge\u00e7irmeyi,<\/li><li>Tedarik\u00e7ilerin&nbsp;\u00c7evre ve \u0130\u015f Sa\u011fl\u0131\u011f\u0131 \u2013 \u0130\u015f G\u00fcvenli\u011fi uygulamalar\u0131n\u0131 CECE Triko Tekstil Politikas\u0131 paralelinde geli\u015ftirmelerine destek olmay\u0131,<\/li><li>\u00c7evre ve \u0130\u015f Sa\u011fl\u0131\u011f\u0131 \u2013 \u0130\u015f G\u00fcvenli\u011fi hedeflerini \u015firketin stratejik hedeflerine dahil ederek s\u00fcrekli geli\u015fimi sa\u011flamay\u0131<\/li><\/ul><p style=\"margin-right: 0px; margin-bottom: 10px; margin-left: 0px;\">Taahh\u00fct eder<\/p><\/div><\/h2>\t\t<\/div>\n\t\t\t\t<\/div>\n\t\t\t\t\t<\/div>\n\t\t<\/div>\n\t\t\t\t\t\t\t<\/div>\n\t\t<\/section>\n\t\t\t\t\t\t<\/div>\n\t\t\t\t\t<\/div>\n\t\t","protected":false},"excerpt":{"rendered":"<p>&#8220;Haz\u0131r giyim sekt\u00f6r\u00fcnde d\u00fcnya markalar\u0131n\u0131n stratejik \u00fcretim orta\u011f\u0131&#8221; olma vizyonuna sahip ve sosyal sorumluluklar\u0131n\u0131n fark\u0131nda olan \u015firketimiz; \u00c7evre ve \u0130\u015f Sa\u011fl\u0131\u011f\u0131 \u2013 \u0130\u015f G\u00fcvenli\u011fi ile ilgili ulusal mevzuat\u0131 ve m\u00fc\u015fterilerimizin &#8230;<\/p>\n","protected":false},"author":1,"featured_media":0,"parent":0,"menu_order":0,"comment_status":"closed","ping_status":"closed","template":"","meta":[],"language":[8],"yoast_head":"<!-- This site is optimized with the Yoast SEO plugin v16.6.1 - https:\/\/yoast.com\/wordpress\/plugins\/seo\/ -->\r\n<title>\u00c7evre-\u0130\u015f Sa\u011fl\u0131\u011f\u0131 ve G\u00fcvenli\u011fi Politikas\u0131 - CE-CE TR\u0130KO<\/title>\r\n<meta name=\"robots\" content=\"index, follow, max-snippet:-1, max-image-preview:large, max-video-preview:-1\" \/>\r\n<link rel=\"canonical\" href=\"http:\/\/ce-ce.com\/?page_id=242\" \/>\r\n<meta property=\"og:locale\" content=\"tr_TR\" \/>\r\n<meta property=\"og:type\" content=\"article\" \/>\r\n<meta property=\"og:title\" content=\"\u00c7evre-\u0130\u015f Sa\u011fl\u0131\u011f\u0131 ve G\u00fcvenli\u011fi Politikas\u0131 - CE-CE TR\u0130KO\" \/>\r\n<meta property=\"og:description\" content=\"&#8220;Haz\u0131r giyim sekt\u00f6r\u00fcnde d\u00fcnya markalar\u0131n\u0131n stratejik \u00fcretim orta\u011f\u0131&#8221; olma vizyonuna sahip ve sosyal sorumluluklar\u0131n\u0131n fark\u0131nda olan \u015firketimiz; \u00c7evre ve \u0130\u015f Sa\u011fl\u0131\u011f\u0131 \u2013 \u0130\u015f G\u00fcvenli\u011fi ile ilgili ulusal mevzuat\u0131 ve m\u00fc\u015fterilerimizin ...\" \/>\r\n<meta property=\"og:url\" content=\"http:\/\/ce-ce.com\/?page_id=242\" \/>\r\n<meta property=\"og:site_name\" content=\"CE-CE TR\u0130KO\" \/>\r\n<meta property=\"article:modified_time\" content=\"2021-07-08T15:46:51+00:00\" \/>\r\n<meta name=\"twitter:card\" content=\"summary_large_image\" \/>\r\n<meta name=\"twitter:label1\" content=\"Tahmini okuma s\u00fcresi\" \/>\n\t<meta name=\"twitter:data1\" content=\"1 dakika\" \/>\r\n<script type=\"application\/ld+json\" class=\"yoast-schema-graph\">{\"@context\":\"https:\/\/schema.org\",\"@graph\":[{\"@type\":\"Organization\",\"@id\":\"http:\/\/ce-ce.com\/#organization\",\"name\":\"CECE TR\\u0130KO\",\"url\":\"http:\/\/ce-ce.com\/\",\"sameAs\":[],\"logo\":{\"@type\":\"ImageObject\",\"@id\":\"http:\/\/ce-ce.com\/#logo\",\"inLanguage\":\"tr\",\"url\":\"http:\/\/ce-ce.com\/wp-content\/uploads\/2021\/06\/cecelogo.png\",\"contentUrl\":\"http:\/\/ce-ce.com\/wp-content\/uploads\/2021\/06\/cecelogo.png\",\"width\":96,\"height\":53,\"caption\":\"CECE TR\\u0130KO\"},\"image\":{\"@id\":\"http:\/\/ce-ce.com\/#logo\"}},{\"@type\":\"WebSite\",\"@id\":\"http:\/\/ce-ce.com\/#website\",\"url\":\"http:\/\/ce-ce.com\/\",\"name\":\"CE-CE TR\\u0130KO\",\"description\":\"Kazak,H\\u0131rka ve Triko \\u00dcretimi\",\"publisher\":{\"@id\":\"http:\/\/ce-ce.com\/#organization\"},\"potentialAction\":[{\"@type\":\"SearchAction\",\"target\":{\"@type\":\"EntryPoint\",\"urlTemplate\":\"http:\/\/ce-ce.com\/?s={search_term_string}\"},\"query-input\":\"required name=search_term_string\"}],\"inLanguage\":\"tr\"},{\"@type\":\"WebPage\",\"@id\":\"http:\/\/ce-ce.com\/?page_id=242#webpage\",\"url\":\"http:\/\/ce-ce.com\/?page_id=242\",\"name\":\"\\u00c7evre-\\u0130\\u015f Sa\\u011fl\\u0131\\u011f\\u0131 ve G\\u00fcvenli\\u011fi Politikas\\u0131 - CE-CE TR\\u0130KO\",\"isPartOf\":{\"@id\":\"http:\/\/ce-ce.com\/#website\"},\"datePublished\":\"2021-07-06T06:49:29+00:00\",\"dateModified\":\"2021-07-08T15:46:51+00:00\",\"breadcrumb\":{\"@id\":\"http:\/\/ce-ce.com\/?page_id=242#breadcrumb\"},\"inLanguage\":\"tr\",\"potentialAction\":[{\"@type\":\"ReadAction\",\"target\":[\"http:\/\/ce-ce.com\/?page_id=242\"]}]},{\"@type\":\"BreadcrumbList\",\"@id\":\"http:\/\/ce-ce.com\/?page_id=242#breadcrumb\",\"itemListElement\":[{\"@type\":\"ListItem\",\"position\":1,\"name\":\"Home\",\"item\":\"http:\/\/ce-ce.com\/\"},{\"@type\":\"ListItem\",\"position\":2,\"name\":\"\\u00c7evre-\\u0130\\u015f Sa\\u011fl\\u0131\\u011f\\u0131 ve G\\u00fcvenli\\u011fi Politikas\\u0131\"}]}]}<\/script>\r\n<!-- \/ Yoast SEO plugin. -->","_links":{"self":[{"href":"http:\/\/ce-ce.com\/index.php?rest_route=\/wp\/v2\/pages\/242"}],"collection":[{"href":"http:\/\/ce-ce.com\/index.php?rest_route=\/wp\/v2\/pages"}],"about":[{"href":"http:\/\/ce-ce.com\/index.php?rest_route=\/wp\/v2\/types\/page"}],"author":[{"embeddable":true,"href":"http:\/\/ce-ce.com\/index.php?rest_route=\/wp\/v2\/users\/1"}],"replies":[{"embeddable":true,"href":"http:\/\/ce-ce.com\/index.php?rest_route=%2Fwp%2Fv2%2Fcomments&post=242"}],"version-history":[{"count":5,"href":"http:\/\/ce-ce.com\/index.php?rest_route=\/wp\/v2\/pages\/242\/revisions"}],"predecessor-version":[{"id":394,"href":"http:\/\/ce-ce.com\/index.php?rest_route=\/wp\/v2\/pages\/242\/revisions\/394"}],"wp:attachment":[{"href":"http:\/\/ce-ce.com\/index.php?rest_route=%2Fwp%2Fv2%2Fmedia&parent=242"}],"wp:term":[{"taxonomy":"language","embeddable":true,"href":"http:\/\/ce-ce.com\/index.php?rest_route=%2Fwp%2Fv2%2Flanguage&post=242"}],"curies":[{"name":"wp","href":"https:\/\/api.w.org\/{rel}","templated":true}]}}