{"id":240,"date":"2021-07-06T06:49:29","date_gmt":"2021-07-06T06:49:29","guid":{"rendered":"http:\/\/ce-ce.com\/?page_id=240"},"modified":"2021-07-08T15:06:35","modified_gmt":"2021-07-08T15:06:35","slug":"sertifikalarimiz","status":"publish","type":"page","link":"http:\/\/ce-ce.com\/?page_id=240","title":{"rendered":"Sertifikalar\u0131m\u0131z"},"content":{"rendered":"\t\t<div data-elementor-type=\"wp-page\" data-elementor-id=\"240\" class=\"elementor elementor-240\" data-elementor-settings=\"[]\">\n\t\t\t\t\t\t\t<div class=\"elementor-section-wrap\">\n\t\t\t\t\t\t\t<section class=\"elementor-section elementor-top-section elementor-element elementor-element-e3eb60f elementor-section-boxed elementor-section-height-default elementor-section-height-default\" data-id=\"e3eb60f\" data-element_type=\"section\">\n\t\t\t\t\t\t<div class=\"elementor-container elementor-column-gap-default\">\n\t\t\t\t\t<div class=\"elementor-column elementor-col-50 elementor-top-column elementor-element elementor-element-31e054f\" data-id=\"31e054f\" data-element_type=\"column\">\n\t\t\t<div class=\"elementor-widget-wrap elementor-element-populated\">\n\t\t\t\t\t\t\t\t<div class=\"elementor-element elementor-element-931848e elementor-widget elementor-widget-image\" data-id=\"931848e\" data-element_type=\"widget\" data-widget_type=\"image.default\">\n\t\t\t\t<div class=\"elementor-widget-container\">\n\t\t\t\t\t\t\t\t\t\t\t\t\t\t\t<img width=\"643\" height=\"902\" src=\"http:\/\/ce-ce.com\/wp-content\/uploads\/2021\/07\/OCS-Sertifika.png\" class=\"attachment-large size-large\" alt=\"\" loading=\"lazy\" srcset=\"http:\/\/ce-ce.com\/wp-content\/uploads\/2021\/07\/OCS-Sertifika.png 643w, http:\/\/ce-ce.com\/wp-content\/uploads\/2021\/07\/OCS-Sertifika-214x300.png 214w\" sizes=\"(max-width: 643px) 100vw, 643px\" \/>\t\t\t\t\t\t\t\t\t\t\t\t\t\t\t<\/div>\n\t\t\t\t<\/div>\n\t\t\t\t\t<\/div>\n\t\t<\/div>\n\t\t\t\t<div class=\"elementor-column elementor-col-50 elementor-top-column elementor-element elementor-element-d264b00\" data-id=\"d264b00\" data-element_type=\"column\">\n\t\t\t<div class=\"elementor-widget-wrap elementor-element-populated\">\n\t\t\t\t\t\t\t\t<div class=\"elementor-element elementor-element-186c9d3 elementor-widget elementor-widget-image\" data-id=\"186c9d3\" data-element_type=\"widget\" data-widget_type=\"image.default\">\n\t\t\t\t<div class=\"elementor-widget-container\">\n\t\t\t\t\t\t\t\t\t\t\t\t\t\t\t<img width=\"641\" height=\"907\" src=\"http:\/\/ce-ce.com\/wp-content\/uploads\/2021\/07\/RCS-Sertifika.png\" class=\"attachment-large size-large\" alt=\"\" loading=\"lazy\" srcset=\"http:\/\/ce-ce.com\/wp-content\/uploads\/2021\/07\/RCS-Sertifika.png 641w, http:\/\/ce-ce.com\/wp-content\/uploads\/2021\/07\/RCS-Sertifika-212x300.png 212w\" sizes=\"(max-width: 641px) 100vw, 641px\" \/>\t\t\t\t\t\t\t\t\t\t\t\t\t\t\t<\/div>\n\t\t\t\t<\/div>\n\t\t\t\t\t<\/div>\n\t\t<\/div>\n\t\t\t\t\t\t\t<\/div>\n\t\t<\/section>\n\t\t\t\t\t\t<\/div>\n\t\t\t\t\t<\/div>\n\t\t","protected":false},"excerpt":{"rendered":"","protected":false},"author":1,"featured_media":0,"parent":0,"menu_order":0,"comment_status":"closed","ping_status":"closed","template":"","meta":[],"language":[],"yoast_head":"<!-- This site is optimized with the Yoast SEO plugin v16.6.1 - https:\/\/yoast.com\/wordpress\/plugins\/seo\/ -->\r\n<title>Sertifikalar\u0131m\u0131z - CE-CE TR\u0130KO<\/title>\r\n<meta name=\"robots\" content=\"index, follow, max-snippet:-1, max-image-preview:large, max-video-preview:-1\" \/>\r\n<link rel=\"canonical\" href=\"http:\/\/ce-ce.com\/?page_id=240\" \/>\r\n<meta property=\"og:locale\" content=\"tr_TR\" \/>\r\n<meta property=\"og:type\" content=\"article\" \/>\r\n<meta property=\"og:title\" content=\"Sertifikalar\u0131m\u0131z - CE-CE TR\u0130KO\" \/>\r\n<meta property=\"og:url\" content=\"http:\/\/ce-ce.com\/?page_id=240\" \/>\r\n<meta property=\"og:site_name\" content=\"CE-CE TR\u0130KO\" \/>\r\n<meta property=\"article:modified_time\" content=\"2021-07-08T15:06:35+00:00\" \/>\r\n<meta property=\"og:image\" content=\"http:\/\/ce-ce.com\/wp-content\/uploads\/2021\/07\/OCS-Sertifika.png\" \/>\r\n<meta name=\"twitter:card\" content=\"summary_large_image\" \/>\r\n<meta name=\"twitter:label1\" content=\"Tahmini okuma s\u00fcresi\" \/>\n\t<meta name=\"twitter:data1\" content=\"1 dakika\" \/>\r\n<script type=\"application\/ld+json\" class=\"yoast-schema-graph\">{\"@context\":\"https:\/\/schema.org\",\"@graph\":[{\"@type\":\"Organization\",\"@id\":\"http:\/\/ce-ce.com\/#organization\",\"name\":\"CECE TR\\u0130KO\",\"url\":\"http:\/\/ce-ce.com\/\",\"sameAs\":[],\"logo\":{\"@type\":\"ImageObject\",\"@id\":\"http:\/\/ce-ce.com\/#logo\",\"inLanguage\":\"tr\",\"url\":\"http:\/\/ce-ce.com\/wp-content\/uploads\/2021\/06\/cecelogo.png\",\"contentUrl\":\"http:\/\/ce-ce.com\/wp-content\/uploads\/2021\/06\/cecelogo.png\",\"width\":96,\"height\":53,\"caption\":\"CECE TR\\u0130KO\"},\"image\":{\"@id\":\"http:\/\/ce-ce.com\/#logo\"}},{\"@type\":\"WebSite\",\"@id\":\"http:\/\/ce-ce.com\/#website\",\"url\":\"http:\/\/ce-ce.com\/\",\"name\":\"CE-CE TR\\u0130KO\",\"description\":\"Kazak,H\\u0131rka ve Triko \\u00dcretimi\",\"publisher\":{\"@id\":\"http:\/\/ce-ce.com\/#organization\"},\"potentialAction\":[{\"@type\":\"SearchAction\",\"target\":{\"@type\":\"EntryPoint\",\"urlTemplate\":\"http:\/\/ce-ce.com\/?s={search_term_string}\"},\"query-input\":\"required name=search_term_string\"}],\"inLanguage\":\"tr\"},{\"@type\":\"ImageObject\",\"@id\":\"http:\/\/ce-ce.com\/?page_id=240#primaryimage\",\"inLanguage\":\"tr\",\"url\":\"http:\/\/ce-ce.com\/wp-content\/uploads\/2021\/07\/OCS-Sertifika.png\",\"contentUrl\":\"http:\/\/ce-ce.com\/wp-content\/uploads\/2021\/07\/OCS-Sertifika.png\",\"width\":643,\"height\":902},{\"@type\":\"WebPage\",\"@id\":\"http:\/\/ce-ce.com\/?page_id=240#webpage\",\"url\":\"http:\/\/ce-ce.com\/?page_id=240\",\"name\":\"Sertifikalar\\u0131m\\u0131z - CE-CE TR\\u0130KO\",\"isPartOf\":{\"@id\":\"http:\/\/ce-ce.com\/#website\"},\"primaryImageOfPage\":{\"@id\":\"http:\/\/ce-ce.com\/?page_id=240#primaryimage\"},\"datePublished\":\"2021-07-06T06:49:29+00:00\",\"dateModified\":\"2021-07-08T15:06:35+00:00\",\"breadcrumb\":{\"@id\":\"http:\/\/ce-ce.com\/?page_id=240#breadcrumb\"},\"inLanguage\":\"tr\",\"potentialAction\":[{\"@type\":\"ReadAction\",\"target\":[\"http:\/\/ce-ce.com\/?page_id=240\"]}]},{\"@type\":\"BreadcrumbList\",\"@id\":\"http:\/\/ce-ce.com\/?page_id=240#breadcrumb\",\"itemListElement\":[{\"@type\":\"ListItem\",\"position\":1,\"name\":\"Home\",\"item\":\"http:\/\/ce-ce.com\/\"},{\"@type\":\"ListItem\",\"position\":2,\"name\":\"Sertifikalar\\u0131m\\u0131z\"}]}]}<\/script>\r\n<!-- \/ Yoast SEO plugin. -->","_links":{"self":[{"href":"http:\/\/ce-ce.com\/index.php?rest_route=\/wp\/v2\/pages\/240"}],"collection":[{"href":"http:\/\/ce-ce.com\/index.php?rest_route=\/wp\/v2\/pages"}],"about":[{"href":"http:\/\/ce-ce.com\/index.php?rest_route=\/wp\/v2\/types\/page"}],"author":[{"embeddable":true,"href":"http:\/\/ce-ce.com\/index.php?rest_route=\/wp\/v2\/users\/1"}],"replies":[{"embeddable":true,"href":"http:\/\/ce-ce.com\/index.php?rest_route=%2Fwp%2Fv2%2Fcomments&post=240"}],"version-history":[{"count":4,"href":"http:\/\/ce-ce.com\/index.php?rest_route=\/wp\/v2\/pages\/240\/revisions"}],"predecessor-version":[{"id":392,"href":"http:\/\/ce-ce.com\/index.php?rest_route=\/wp\/v2\/pages\/240\/revisions\/392"}],"wp:attachment":[{"href":"http:\/\/ce-ce.com\/index.php?rest_route=%2Fwp%2Fv2%2Fmedia&parent=240"}],"wp:term":[{"taxonomy":"language","embeddable":true,"href":"http:\/\/ce-ce.com\/index.php?rest_route=%2Fwp%2Fv2%2Flanguage&post=240"}],"curies":[{"name":"wp","href":"https:\/\/api.w.org\/{rel}","templated":true}]}}